{"id":146,"date":"2013-12-22T01:33:10","date_gmt":"2013-12-22T01:33:10","guid":{"rendered":"http:\/\/swordandbarrow.com\/wp\/?page_id=146"},"modified":"2013-12-27T04:22:24","modified_gmt":"2013-12-27T04:22:24","slug":"the-known-world","status":"publish","type":"page","link":"https:\/\/swordandbarrow.com\/wp\/?page_id=146","title":{"rendered":"THE KNOWN WORLD"},"content":{"rendered":"<p>The stories of <em>The Barrow<\/em> and the <em>Artesia<\/em> comic books are set in the fantasy setting of <strong>the Known World<\/strong>.\u00a0 Combining research into the histories, myths, and religions of the ancient and classical worlds of Greece, Rome, Egypt, and the Celts, the medieval world of alchemy and witch hunts, and 16<sup>th<\/sup> century armor and warfare, with years of influence from role-playing games, fantasy novels, and comic books, the Known World is designed as a place at once familiar and fantastical.<\/p>\n<p>Stjepan Black-Heart and his sister, Artesia, hail from <strong>An-Athair,<\/strong> a woodland realm that was once a place of magic and power, now faded to become a haunted memory in the center of the <strong>Middle Kingdoms,<\/strong>\u00a0prosperous lowland realms where worship of the Divine King holds sway, and which juts out into the <em>Mera Argenta<\/em>, the great sea at the center of the world. \u00a0To the north rises up\u00a0<strong>Daradja<\/strong>, sometimes called the Highlands, an ancient land of crags, valleys, citadels, and crossroads inhabited by proud and resilient folk drawn from all over the Known World to the region\u2019s isolation and its dedication to the Old Religion of Yhera, the Queen of Heaven. \u00a0To the west lies\u00a0the cursed lands of <strong>Uthedmael<\/strong>, where the last Worm King was unmasked and slain.\u00a0 Beyond lies a vast and dangerous world: the <strong>Great Midlands<\/strong>, once the earthly paradise of Genich\u00e9\u2019s Garden, and now become a horrid desert; the great <strong>Empire of Thessid-Gola<\/strong>, creation of the legendary Dauban Hess, the Conqueror King and first Emperor, which once covered the whole of the world and now is resurgent, ruled by an Undying Emperor who sits trapped on his throne by the Gray Dream; the island of <strong>Illia<\/strong>, seat of <strong>the Sun Court<\/strong>, where Islik the Divine King was born and ruled before ascending into the Heavens, and the cities of <strong>Hemispia<\/strong>, where his true descendants, the Dragon Kings, first ruled; the isle of <strong>Khael<\/strong>, with its Oracle Queen and her city, where past and future meet; <strong>Palatia<\/strong>, the city-state ruled by Urech the Usurper and his vizier, the Lord Mott, now become a barbarian empire to rival Thessid-Gola; and beneath the waves, lost\u00a0 <strong>\u00dcr\u00fcne D\u00fcr\u00e9<\/strong>, the greatest city the world had ever known, destroyed by hubris and jealousy.\u00a0 And further still, the <strong>Unknown World<\/strong>, where magic and legend rule.<\/p>\n<p>Over time more will be added to this website to expand on the available online sourcebook for the Known World, including maps, historical essays, and tours of cultures and countries.<\/p>\n","protected":false},"excerpt":{"rendered":"<p>The stories of The Barrow and the Artesia comic books are set in the fantasy setting of the Known World.\u00a0 Combining research into the histories, myths, and religions of the ancient and classical worlds of Greece, Rome, Egypt, and the Celts, the medieval world of alchemy and witch hunts, and 16th century armor and warfare, &hellip; <a href=\"https:\/\/swordandbarrow.com\/wp\/?page_id=146\" class=\"more-link\">Continue reading <span class=\"screen-reader-text\">THE KNOWN WORLD<\/span> <span class=\"meta-nav\">&rarr;<\/span><\/a><\/p>\n","protected":false},"author":1,"featured_media":0,"parent":0,"menu_order":0,"comment_status":"closed","ping_status":"open","template":"","meta":{"footnotes":""},"_links":{"self":[{"href":"https:\/\/swordandbarrow.com\/wp\/index.php?rest_route=\/wp\/v2\/pages\/146"}],"collection":[{"href":"https:\/\/swordandbarrow.com\/wp\/index.php?rest_route=\/wp\/v2\/pages"}],"about":[{"href":"https:\/\/swordandbarrow.com\/wp\/index.php?rest_route=\/wp\/v2\/types\/page"}],"author":[{"embeddable":true,"href":"https:\/\/swordandbarrow.com\/wp\/index.php?rest_route=\/wp\/v2\/users\/1"}],"replies":[{"embeddable":true,"href":"https:\/\/swordandbarrow.com\/wp\/index.php?rest_route=%2Fwp%2Fv2%2Fcomments&post=146"}],"version-history":[{"count":3,"href":"https:\/\/swordandbarrow.com\/wp\/index.php?rest_route=\/wp\/v2\/pages\/146\/revisions"}],"predecessor-version":[{"id":246,"href":"https:\/\/swordandbarrow.com\/wp\/index.php?rest_route=\/wp\/v2\/pages\/146\/revisions\/246"}],"wp:attachment":[{"href":"https:\/\/swordandbarrow.com\/wp\/index.php?rest_route=%2Fwp%2Fv2%2Fmedia&parent=146"}],"curies":[{"name":"wp","href":"https:\/\/api.w.org\/{rel}","templated":true}]}}